{"id":106,"date":"2023-02-08T12:44:04","date_gmt":"2023-02-08T12:44:04","guid":{"rendered":"https:\/\/easymajorcataxi.com\/taxi\/?page_id=106"},"modified":"2024-08-22T12:23:10","modified_gmt":"2024-08-22T12:23:10","slug":"tours-descubre-mallorca","status":"publish","type":"page","link":"https:\/\/easymajorcataxi.com\/taxi\/es\/tours-descubre-mallorca\/","title":{"rendered":"Taxi Tours &#8211; Descubre Mallorca"},"content":{"rendered":"<div class=\"wpb-content-wrapper\"><p>[vc_row bg_type=\u00bbimage\u00bb parallax_style=\u00bbvcpb-default\u00bb bg_image_new=\u00bbid^92|url^https:\/\/easymajorcataxi.com\/taxi\/wp-content\/uploads\/2023\/02\/tours-mallorca_3.jpg|caption^null|alt^null|title^tours-mallorca_3|description^null\u00bb bg_override=\u00bbfull\u00bb css=\u00bb.vc_custom_1675782408960{padding-top: 100px !important;padding-bottom: 100px !important;}\u00bb][vc_column css=\u00bb.vc_custom_1675773597443{padding-top: 100px !important;padding-bottom: 100px !important;}\u00bb][vc_column_text]<\/p>\n<h1 style=\"text-align: center; color: #ffffff;\">DESCUBRE MALLORCA EN TAXI<\/h1>\n<p style=\"text-align: center; color: #ff792a;\"><strong>Los mejores tours para descubrir la m\u00e1gica isla<\/strong><\/p>\n<h4 style=\"text-align: center;\"><span style=\"color: #ff6600;\">Taxi &#8211; Minivan &#8211; Minibus<\/span><\/h4>\n<p>[\/vc_column_text][\/vc_column][\/vc_row][vc_row][vc_column][vc_empty_space height=\u00bb92px\u00bb][\/vc_column][\/vc_row][vc_row][vc_column][vc_column_text]<\/p>\n<h3 style=\"text-align: center;\">PALMA DE MALLORCA<\/h3>\n<p style=\"text-align: center; color: #ff792a;\">Duraci\u00f3n 3 horas<\/p>\n<p>[\/vc_column_text][vc_row_inner][vc_column_inner width=\u00bb1\/2&#8243;][vc_single_image image=\u00bb77&#8243; img_size=\u00bblarge\u00bb alignment=\u00bbcenter\u00bb][\/vc_column_inner][vc_column_inner width=\u00bb1\/2&#8243;][vc_column_text css=\u00bb.vc_custom_1708675193266{padding-right: 10px !important;padding-left: 10px !important;}\u00bb]<span id=\"result_box\" class=\"\" lang=\"es\" tabindex=\"-1\"><strong><span class=\"\">Palma de<\/span>\u00a0<span class=\"\">Mallorca<\/span>\u00a0<\/strong>es una ciudad preciosa y la capital de Mallorca, tiene\u00a0<span class=\"\">un\u00a0<strong>clima privilegiado<\/strong><\/span>\u00a0durante todo el a\u00f1o. Conocido por su\u00a0<strong>sol y playa<\/strong>, por lo que tiene\u00a0<span class=\"\">un precioso casco antiguo<\/span>.<strong>\u00a0La catedral, el palacio de la Almudaina<\/strong>, la Lonja y\u00a0<strong>la Plaza Mayor<\/strong>\u00a0<span class=\"\">son<\/span>\u00a0algunos de los rincones donde el viajero debe parar. El marco de\u00a0<span class=\"\">los\u00a0<strong>barcos de pesca<\/strong><\/span><strong>,<\/strong>\u00a0pinos y palmeras de los m\u00e1s bellos monumentos.<\/span><\/p>\n<p><span class=\"\">El tour en cualquiera de nuestros veh\u00edculos (taxi, minivan o minibus), incluye la visita<\/span>\u00a0al\u00a0<strong>Castillo de Bellver,<\/strong>\u00a0visita a la\u00a0<strong>catedral<\/strong>\u00a0y la plaza de toros de\u00a0<span class=\"\">la ciudad vieja<\/span>,\u00a0<strong>f\u00e1brica de perlas<\/strong>\u00a0y la zona comercial[\/vc_column_text][\/vc_column_inner][\/vc_row_inner][\/vc_column][\/vc_row][vc_row][vc_column][vc_empty_space height=\u00bb92px\u00bb][\/vc_column][\/vc_row][vc_row][vc_column][vc_separator color=\u00bbcustom\u00bb accent_color=\u00bb#8b8d94&#8243;][\/vc_column][\/vc_row][vc_row][vc_column][vc_empty_space height=\u00bb92px\u00bb][\/vc_column][\/vc_row][vc_row][vc_column][vc_column_text]<\/p>\n<h3 style=\"text-align: center;\">Soller-Deia-Valldemossa<\/h3>\n<p style=\"text-align: center; color: #ff792a;\">Duraci\u00f3n 4 horas<\/p>\n<p>[\/vc_column_text][vc_row_inner][vc_column_inner width=\u00bb1\/2&#8243;][vc_single_image image=\u00bb78&#8243; img_size=\u00bblarge\u00bb alignment=\u00bbcenter\u00bb][\/vc_column_inner][vc_column_inner width=\u00bb1\/2&#8243;][vc_column_text css=\u00bb.vc_custom_1675860181886{padding-right: 10px !important;padding-left: 10px !important;}\u00bb]<span id=\"result_box\" class=\"\" lang=\"es\" tabindex=\"-1\">Descubre los rincones m\u00e1s pintorescos de la<strong>\u00a0Serra de Tramuntana,<\/strong>\u00a0pasando a trav\u00e9s de\u00a0<strong>S\u00f3ller Dei\u00e0 Valldemossa<\/strong>. Un curso delimitado por el mar donde se va a ver el m\u00e1s bello paisaje caracterizado por unas vistas espectaculares, pueblos de gran\u00a0<strong>belleza y naturaleza<\/strong>. Elija su propio itinerario de viaje y pase m\u00e1s tiempo en aquellos lugares\u00a0<strong>que le gusten<\/strong><\/span><\/p>\n<p>Incluye punto de vista del\u00a0<strong><span class=\"\">Archiduque<\/span>, S\u00f3ller, Puerto de S\u00f3ller, Dei\u00e0<\/strong>\u00a0y Valldemossa[\/vc_column_text][\/vc_column_inner][\/vc_row_inner][\/vc_column][\/vc_row][vc_row][vc_column][vc_empty_space height=\u00bb92px\u00bb][\/vc_column][\/vc_row][vc_row][vc_column][vc_separator color=\u00bbcustom\u00bb accent_color=\u00bb#8b8d94&#8243;][\/vc_column][\/vc_row][vc_row][vc_column][vc_empty_space height=\u00bb92px\u00bb][\/vc_column][\/vc_row][vc_row][vc_column][vc_column_text]<\/p>\n<h3 style=\"text-align: center;\">Cuevas Drach o Hams<\/h3>\n<p style=\"text-align: center; color: #ff792a;\">Duraci\u00f3n 5 horas<\/p>\n<p>[\/vc_column_text][vc_row_inner][vc_column_inner width=\u00bb1\/2&#8243;][vc_single_image image=\u00bb79&#8243; img_size=\u00bblarge\u00bb alignment=\u00bbcenter\u00bb][\/vc_column_inner][vc_column_inner width=\u00bb1\/2&#8243;][vc_column_text css=\u00bb.vc_custom_1675860216376{padding-right: 10px !important;padding-left: 10px !important;}\u00bb]<span id=\"result_box\" class=\"\" lang=\"es\" tabindex=\"-1\">Un recorrido por el maravilloso mundo subterr\u00e1neo de las sorprendentes\u00a0<strong>cuevas del Drach.<\/strong>\u00a0Aventurarse a\u00a0<strong>25 metros<\/strong>\u00a0debajo de la superficie en las cuevas con\u00a0<strong>estalactitas<\/strong>\u00a0<span class=\"\">que cuelgan del techo<\/span><span class=\"\">.<\/span>\u00a0<span class=\"\">Las cuevas<\/span>\u00a0esconden dentro de un gran lago subterr\u00e1neo,\u00a0<strong><span class=\"\">el Lago<\/span>\u00a0<span class=\"\">Martel<\/span><\/strong><span class=\"\">, considerado uno de<\/span>\u00a0los grandes lagos subterr\u00e1neos\u00a0<span class=\"\">m\u00e1s\u00a0<strong>grandes del mundo<\/strong><\/span><strong>,<\/strong>\u00a0<span class=\"\">donde los conciertos<\/span>\u00a0diarios de m\u00fasica cl\u00e1sica con piezas de\u00a0<strong>Caballero, Chopin<\/strong>\u00a0\u2026 una\u00a0<span class=\"\">experiencia inolvidable<\/span>\u00a0para terminar la visita a las cuevas<\/span><\/p>\n<p>Incluye\u00a0<span class=\"\">visita a<\/span>\u00a0la\u00a0<strong>f\u00e1brica de perlas,<\/strong>\u00a0una visita a la cueva,\u00a0<strong>Catedral de Porto Cristo<\/strong>.[\/vc_column_text][\/vc_column_inner][\/vc_row_inner][\/vc_column][\/vc_row][vc_row][vc_column][vc_empty_space height=\u00bb92px\u00bb][\/vc_column][\/vc_row][vc_row][vc_column][vc_separator color=\u00bbcustom\u00bb accent_color=\u00bb#8b8d94&#8243;][\/vc_column][\/vc_row][vc_row][vc_column][vc_empty_space height=\u00bb92px\u00bb][vc_column_text]<\/p>\n<h2 style=\"text-align: center; color: #ff792a;\">RESERVAR EXCURSIONES<\/h2>\n<p>[\/vc_column_text][vc_row_inner][vc_column_inner width=\u00bb1\/4&#8243;][\/vc_column_inner][vc_column_inner width=\u00bb1\/2&#8243; css=\u00bb.vc_custom_1675858626215{padding-top: 60px !important;padding-right: 60px !important;padding-bottom: 60px !important;padding-left: 60px !important;background-color: #1c2b39 !important;}\u00bb]\n<div class=\"wpcf7 no-js\" id=\"wpcf7-f104-o1\" lang=\"es-ES\" dir=\"ltr\">\n<div class=\"screen-reader-response\"><p role=\"status\" aria-live=\"polite\" aria-atomic=\"true\"><\/p> <ul><\/ul><\/div>\n<form action=\"\/taxi\/wp-json\/wp\/v2\/pages\/106#wpcf7-f104-o1\" method=\"post\" class=\"wpcf7-form init\" aria-label=\"Formulario de contacto\" novalidate=\"novalidate\" data-status=\"init\">\n<div style=\"display: none;\">\n<input type=\"hidden\" name=\"_wpcf7\" value=\"104\" \/>\n<input type=\"hidden\" name=\"_wpcf7_version\" value=\"5.8.7\" \/>\n<input type=\"hidden\" name=\"_wpcf7_locale\" value=\"es_ES\" \/>\n<input type=\"hidden\" name=\"_wpcf7_unit_tag\" value=\"wpcf7-f104-o1\" \/>\n<input type=\"hidden\" name=\"_wpcf7_container_post\" value=\"0\" \/>\n<input type=\"hidden\" name=\"_wpcf7_posted_data_hash\" value=\"\" \/>\n<\/div>\n<p><label> Nombre<br \/>\n<span class=\"wpcf7-form-control-wrap\" data-name=\"your-name\"><input size=\"40\" class=\"wpcf7-form-control wpcf7-text wpcf7-validates-as-required\" autocomplete=\"name\" aria-required=\"true\" aria-invalid=\"false\" value=\"\" type=\"text\" name=\"your-name\" \/><\/span> <\/label>\n<\/p>\n<p><label> E-mail<br \/>\n<span class=\"wpcf7-form-control-wrap\" data-name=\"your-email\"><input size=\"40\" class=\"wpcf7-form-control wpcf7-email wpcf7-validates-as-required wpcf7-text wpcf7-validates-as-email\" autocomplete=\"email\" aria-required=\"true\" aria-invalid=\"false\" value=\"\" type=\"email\" name=\"your-email\" \/><\/span> <\/label>\n<\/p>\n<p><label> Excursi\u00f3n<br \/>\n<span class=\"wpcf7-form-control-wrap\" data-name=\"excursion\"><select class=\"wpcf7-form-control wpcf7-select wpcf7-validates-as-required\" aria-required=\"true\" aria-invalid=\"false\" name=\"excursion\"><option value=\"\">&#8212;Por favor, elige una opci\u00f3n&#8212;<\/option><option value=\"Palma de Mallorca\">Palma de Mallorca<\/option><option value=\"Soller-Deia-Valldemossa\">Soller-Deia-Valldemossa<\/option><option value=\"Cuevas Drach o Hams\">Cuevas Drach o Hams<\/option><option value=\"Other\">Other<\/option><\/select><\/span><\/label>\n<\/p>\n<p><label> Pasajeros<br \/>\n<span class=\"wpcf7-form-control-wrap\" data-name=\"passengers\"><select class=\"wpcf7-form-control wpcf7-select wpcf7-validates-as-required\" aria-required=\"true\" aria-invalid=\"false\" name=\"passengers\"><option value=\"\">&#8212;Por favor, elige una opci\u00f3n&#8212;<\/option><option value=\"1-4\">1-4<\/option><option value=\"5-8\">5-8<\/option><option value=\"9-12\">9-12<\/option><option value=\"13-16\">13-16<\/option><option value=\"17-19\">17-19<\/option><option value=\"20-24\">20-24<\/option><\/select><\/span><\/label>\n<\/p>\n<p><label> Comentarios<br \/>\n<span class=\"wpcf7-form-control-wrap\" data-name=\"your-message\"><textarea cols=\"40\" rows=\"10\" class=\"wpcf7-form-control wpcf7-textarea wpcf7-validates-as-required\" aria-required=\"true\" aria-invalid=\"false\" name=\"your-message\"><\/textarea><\/span> <\/label>\n<\/p>\n<p><span class=\"wpcf7-form-control-wrap\" data-name=\"acceptance-98\"><span class=\"wpcf7-form-control wpcf7-acceptance\"><span class=\"wpcf7-list-item\"><input type=\"checkbox\" name=\"acceptance-98\" value=\"1\" aria-invalid=\"false\" \/><\/span><\/span><\/span> Acepto la <a href=\"https:\/\/easymajorcataxi.com\/privacy-policy-and-cookies.php\" target=\"_blank\">Pol\u00edtica de Privacidad<\/a>\n<\/p>\n<p><input class=\"wpcf7-form-control wpcf7-submit has-spinner\" type=\"submit\" value=\"Reservar\" \/>\n<\/p><div class=\"wpcf7-response-output\" aria-hidden=\"true\"><\/div>\n<\/form>\n<\/div>\n[\/vc_column_inner][vc_column_inner width=\u00bb1\/4&#8243;][\/vc_column_inner][\/vc_row_inner][\/vc_column][\/vc_row]<\/p>\n<\/div>","protected":false},"excerpt":{"rendered":"<p>[vc_row bg_type=\u00bbimage\u00bb parallax_style=\u00bbvcpb-default\u00bb bg_image_new=\u00bbid^92|url^https:\/\/easymajorcataxi.com\/taxi\/wp-content\/uploads\/2023\/02\/tours-mallorca_3.jpg|caption^null|alt^null|title^tours-mallorca_3|description^null\u00bb bg_override=\u00bbfull\u00bb css=\u00bb.vc_custom_1675782408960{padding-top: 100px !important;padding-bottom: 100px !important;}\u00bb][vc_column css=\u00bb.vc_custom_1675773597443{padding-top: 100px !important;padding-bottom: 100px !important;}\u00bb][vc_column_text] DESCUBRE MALLORCA EN TAXI Los mejores tours para descubrir la m\u00e1gica isla Taxi &#8211; Minivan &#8211; Minibus [\/vc_column_text][\/vc_column][\/vc_row][vc_row][vc_column][vc_empty_space height=\u00bb92px\u00bb][\/vc_column][\/vc_row][vc_row][vc_column][vc_column_text] PALMA DE MALLORCA Duraci\u00f3n 3 horas [\/vc_column_text][vc_row_inner][vc_column_inner width=\u00bb1\/2&#8243;][vc_single_image image=\u00bb77&#8243; img_size=\u00bblarge\u00bb alignment=\u00bbcenter\u00bb][\/vc_column_inner][vc_column_inner width=\u00bb1\/2&#8243;][vc_column_text css=\u00bb.vc_custom_1708675193266{padding-right: 10px !important;padding-left: 10px !important;}\u00bb]Palma de\u00a0Mallorca\u00a0es una ciudad preciosa&hellip;<\/p>\n","protected":false},"author":1,"featured_media":0,"parent":0,"menu_order":0,"comment_status":"closed","ping_status":"closed","template":"","meta":{"footnotes":""},"class_list":["post-106","page","type-page","status-publish","hentry","description-off"],"yoast_head":"<!-- This site is optimized with the Yoast SEO plugin v22.1 - https:\/\/yoast.com\/wordpress\/plugins\/seo\/ -->\n<title>Taxi Tours - Descubre Mallorca - Easy Majorca Taxi<\/title>\n<meta name=\"description\" content=\"Los mejores tours para descubrir la m\u00e1gica isla -&gt; Soller-Deia-Valldemossa | Cuevas Drach o Hams | Palma de Mallroca Ciudad\" \/>\n<meta name=\"robots\" content=\"index, follow, max-snippet:-1, max-image-preview:large, max-video-preview:-1\" \/>\n<link rel=\"canonical\" href=\"https:\/\/easymajorcataxi.com\/taxi\/es\/tours-descubre-mallorca\/\" \/>\n<meta property=\"og:locale\" content=\"es_ES\" \/>\n<meta property=\"og:type\" content=\"article\" \/>\n<meta property=\"og:title\" content=\"Taxi Tours - Descubre Mallorca - Easy Majorca Taxi\" \/>\n<meta property=\"og:description\" content=\"Los mejores tours para descubrir la m\u00e1gica isla -&gt; Soller-Deia-Valldemossa | Cuevas Drach o Hams | Palma de Mallroca Ciudad\" \/>\n<meta property=\"og:url\" content=\"https:\/\/easymajorcataxi.com\/taxi\/es\/tours-descubre-mallorca\/\" \/>\n<meta property=\"og:site_name\" content=\"Easy Majorca Taxi\" \/>\n<meta property=\"article:modified_time\" content=\"2024-08-22T12:23:10+00:00\" \/>\n<meta name=\"twitter:card\" content=\"summary_large_image\" \/>\n<script type=\"application\/ld+json\" class=\"yoast-schema-graph\">{\"@context\":\"https:\/\/schema.org\",\"@graph\":[{\"@type\":\"WebPage\",\"@id\":\"https:\/\/easymajorcataxi.com\/taxi\/es\/tours-descubre-mallorca\/\",\"url\":\"https:\/\/easymajorcataxi.com\/taxi\/es\/tours-descubre-mallorca\/\",\"name\":\"Taxi Tours - Descubre Mallorca - Easy Majorca Taxi\",\"isPartOf\":{\"@id\":\"https:\/\/easymajorcataxi.com\/taxi\/#website\"},\"datePublished\":\"2023-02-08T12:44:04+00:00\",\"dateModified\":\"2024-08-22T12:23:10+00:00\",\"description\":\"Los mejores tours para descubrir la m\u00e1gica isla -> Soller-Deia-Valldemossa | Cuevas Drach o Hams | Palma de Mallroca Ciudad\",\"breadcrumb\":{\"@id\":\"https:\/\/easymajorcataxi.com\/taxi\/es\/tours-descubre-mallorca\/#breadcrumb\"},\"inLanguage\":\"es\",\"potentialAction\":[{\"@type\":\"ReadAction\",\"target\":[\"https:\/\/easymajorcataxi.com\/taxi\/es\/tours-descubre-mallorca\/\"]}]},{\"@type\":\"BreadcrumbList\",\"@id\":\"https:\/\/easymajorcataxi.com\/taxi\/es\/tours-descubre-mallorca\/#breadcrumb\",\"itemListElement\":[{\"@type\":\"ListItem\",\"position\":1,\"name\":\"Portada\",\"item\":\"https:\/\/easymajorcataxi.com\/taxi\/\"},{\"@type\":\"ListItem\",\"position\":2,\"name\":\"Taxi Tours &#8211; Descubre Mallorca\"}]},{\"@type\":\"WebSite\",\"@id\":\"https:\/\/easymajorcataxi.com\/taxi\/#website\",\"url\":\"https:\/\/easymajorcataxi.com\/taxi\/\",\"name\":\"Easy Majorca Taxi\",\"description\":\"Taxi Bus Transfers in Mallorca\",\"potentialAction\":[{\"@type\":\"SearchAction\",\"target\":{\"@type\":\"EntryPoint\",\"urlTemplate\":\"https:\/\/easymajorcataxi.com\/taxi\/?s={search_term_string}\"},\"query-input\":\"required name=search_term_string\"}],\"inLanguage\":\"es\"}]}<\/script>\n<!-- \/ Yoast SEO plugin. -->","yoast_head_json":{"title":"Taxi Tours - Descubre Mallorca - Easy Majorca Taxi","description":"Los mejores tours para descubrir la m\u00e1gica isla -> Soller-Deia-Valldemossa | Cuevas Drach o Hams | Palma de Mallroca Ciudad","robots":{"index":"index","follow":"follow","max-snippet":"max-snippet:-1","max-image-preview":"max-image-preview:large","max-video-preview":"max-video-preview:-1"},"canonical":"https:\/\/easymajorcataxi.com\/taxi\/es\/tours-descubre-mallorca\/","og_locale":"es_ES","og_type":"article","og_title":"Taxi Tours - Descubre Mallorca - Easy Majorca Taxi","og_description":"Los mejores tours para descubrir la m\u00e1gica isla -> Soller-Deia-Valldemossa | Cuevas Drach o Hams | Palma de Mallroca Ciudad","og_url":"https:\/\/easymajorcataxi.com\/taxi\/es\/tours-descubre-mallorca\/","og_site_name":"Easy Majorca Taxi","article_modified_time":"2024-08-22T12:23:10+00:00","twitter_card":"summary_large_image","schema":{"@context":"https:\/\/schema.org","@graph":[{"@type":"WebPage","@id":"https:\/\/easymajorcataxi.com\/taxi\/es\/tours-descubre-mallorca\/","url":"https:\/\/easymajorcataxi.com\/taxi\/es\/tours-descubre-mallorca\/","name":"Taxi Tours - Descubre Mallorca - Easy Majorca Taxi","isPartOf":{"@id":"https:\/\/easymajorcataxi.com\/taxi\/#website"},"datePublished":"2023-02-08T12:44:04+00:00","dateModified":"2024-08-22T12:23:10+00:00","description":"Los mejores tours para descubrir la m\u00e1gica isla -> Soller-Deia-Valldemossa | Cuevas Drach o Hams | Palma de Mallroca Ciudad","breadcrumb":{"@id":"https:\/\/easymajorcataxi.com\/taxi\/es\/tours-descubre-mallorca\/#breadcrumb"},"inLanguage":"es","potentialAction":[{"@type":"ReadAction","target":["https:\/\/easymajorcataxi.com\/taxi\/es\/tours-descubre-mallorca\/"]}]},{"@type":"BreadcrumbList","@id":"https:\/\/easymajorcataxi.com\/taxi\/es\/tours-descubre-mallorca\/#breadcrumb","itemListElement":[{"@type":"ListItem","position":1,"name":"Portada","item":"https:\/\/easymajorcataxi.com\/taxi\/"},{"@type":"ListItem","position":2,"name":"Taxi Tours &#8211; Descubre Mallorca"}]},{"@type":"WebSite","@id":"https:\/\/easymajorcataxi.com\/taxi\/#website","url":"https:\/\/easymajorcataxi.com\/taxi\/","name":"Easy Majorca Taxi","description":"Taxi Bus Transfers in Mallorca","potentialAction":[{"@type":"SearchAction","target":{"@type":"EntryPoint","urlTemplate":"https:\/\/easymajorcataxi.com\/taxi\/?s={search_term_string}"},"query-input":"required name=search_term_string"}],"inLanguage":"es"}]}},"_links":{"self":[{"href":"https:\/\/easymajorcataxi.com\/taxi\/wp-json\/wp\/v2\/pages\/106","targetHints":{"allow":["GET"]}}],"collection":[{"href":"https:\/\/easymajorcataxi.com\/taxi\/wp-json\/wp\/v2\/pages"}],"about":[{"href":"https:\/\/easymajorcataxi.com\/taxi\/wp-json\/wp\/v2\/types\/page"}],"author":[{"embeddable":true,"href":"https:\/\/easymajorcataxi.com\/taxi\/wp-json\/wp\/v2\/users\/1"}],"replies":[{"embeddable":true,"href":"https:\/\/easymajorcataxi.com\/taxi\/wp-json\/wp\/v2\/comments?post=106"}],"version-history":[{"count":7,"href":"https:\/\/easymajorcataxi.com\/taxi\/wp-json\/wp\/v2\/pages\/106\/revisions"}],"predecessor-version":[{"id":232,"href":"https:\/\/easymajorcataxi.com\/taxi\/wp-json\/wp\/v2\/pages\/106\/revisions\/232"}],"wp:attachment":[{"href":"https:\/\/easymajorcataxi.com\/taxi\/wp-json\/wp\/v2\/media?parent=106"}],"curies":[{"name":"wp","href":"https:\/\/api.w.org\/{rel}","templated":true}]}}